{"id":193,"date":"2016-06-03T07:53:50","date_gmt":"2016-06-03T07:53:50","guid":{"rendered":"http:\/\/bridge37.qodeinteractive.com\/?page_id=193"},"modified":"2023-04-19T16:35:03","modified_gmt":"2023-04-19T14:35:03","slug":"about","status":"publish","type":"page","link":"https:\/\/ebocdesign.fr\/?page_id=193","title":{"rendered":"Contact"},"content":{"rendered":"<section class=\"wpb-content-wrapper\"><p>[vc_row css_animation=&#8221;&#8221; row_type=&#8221;row&#8221; use_row_as_full_screen_section=&#8221;no&#8221; type=&#8221;grid&#8221; angled_section=&#8221;no&#8221; text_align=&#8221;center&#8221; background_image_as_pattern=&#8221;without_pattern&#8221; z_index=&#8221;&#8221;][vc_column][vc_single_image image=&#8221;317&#8243; img_size=&#8221;300&#215;300&#8243; alignment=&#8221;center&#8221; qode_css_animation=&#8221;&#8221;][vc_column_text css=&#8221;.vc_custom_1673435953932{margin-top: -50px !important;}&#8221;]<\/p>\n<h2>Contactez nous !<\/h2>\n<p>[\/vc_column_text][vc_empty_space height=&#8221;17px&#8221;][vc_column_text css=&#8221;.vc_custom_1673712685571{padding-top: 20px !important;padding-bottom: 20px !important;}&#8221;]<\/p>\n<p style=\"text-align: center;\"><a href=\"mailto:eboc@free.fr\">eboc@free.fr<\/a><\/p>\n<p>[\/vc_column_text]<div class='q_icon_with_title tiny normal_icon center '><div class=\"icon_holder \" style=\" \"><span data-icon-type=\"normal\"   style=\"\" class=\"qode_iwt_icon_holder q_font_awsome_icon fa-lg  \"><i class=\"qode_icon_font_awesome fa fa-envelope-o qode_iwt_icon_element\" style=\"color: #e05038;\" ><\/i><\/span><\/div><div class=\"icon_text_holder\" style=\"\"><div class=\"icon_text_inner\" style=\"\"><h5 class=\"icon_title\" style=\"\"><\/h5><p style='color: #adadad'><\/p><\/div><\/div><\/div>[\/vc_column][\/vc_row][vc_row css_animation=&#8221;&#8221; row_type=&#8221;row&#8221; use_row_as_full_screen_section=&#8221;no&#8221; type=&#8221;grid&#8221; angled_section=&#8221;no&#8221; text_align=&#8221;center&#8221; background_image_as_pattern=&#8221;without_pattern&#8221; css=&#8221;.vc_custom_1464940759589{padding-bottom: 72px !important;}&#8221;][vc_column width=&#8221;1\/2&#8243;][vc_single_image image=&#8221;682&#8243; img_size=&#8221;full&#8221; alignment=&#8221;center&#8221; qode_css_animation=&#8221;&#8221;][vc_empty_space height=&#8221;17px&#8221;][vc_column_text]<\/p>\n<h3>Emmanuelle Berrier<\/h3>\n<p>[\/vc_column_text][vc_empty_space height=&#8221;33px&#8221;][vc_column_text css=&#8221;.vc_custom_1673711263593{padding-right: 50px !important;padding-left: 50px !important;}&#8221;]J\u2019exerce en tant que graphiste free-lance depuis plus de 25 ans. Ce n\u2019est pas un travail solitaire bien au contraire\u00a0! Savoir travailler en \u00e9quipe est la base du m\u00e9tier. Cr\u00e9er, c\u2019est gratifiant, mais partager ses id\u00e9es l\u2019est encore plus\u00a0! Profitez de mon exp\u00e9rience et de mon savoir-faire que je mets \u00e0 votre service. Mes domaines de pr\u00e9dilection\u00a0: la mode, l\u2019identit\u00e9 visuelle, l\u2019\u00e9dition, et tout ce qui touche \u00e0 la communication. \u00c0 tr\u00e8s vite\u00a0![\/vc_column_text][vc_empty_space height=&#8221;43px&#8221;]<span data-type=\"square\" data-hover-bg-color=\"#e05038\" data-hover-icon-color=\"#ffffff\" class=\"qode_icon_shortcode fa-stack q_font_awsome_icon_square fa-lg  \" style=\"background-color: rgba(255,255,255,0.01);border: 1px solid #d3d3d3;margin: 0 5px 0 0;font-size: 16px;font-size: 25px;border-radius: 200px; \"><a   itemprop=\"url\" href=\"https:\/\/www.linkedin.com\/in\/emmanuelle-berrier-15b58abb\/\" target=\"_blank\"><i class=\"qode_icon_font_awesome fa fa-linkedin qode_icon_element\" style=\"font-size: 16px;color: #000000;\" ><\/i><\/a><\/span>[vc_empty_space height=&#8221;17px&#8221;]<span data-type=\"square\" data-hover-bg-color=\"#e05038\" data-hover-icon-color=\"#ffffff\" class=\"qode_icon_shortcode fa-stack q_font_awsome_icon_square fa-lg  \" style=\"background-color: rgba(255,255,255,0.01);border: 1px solid #d3d3d3;margin: 0;font-size: 16px;font-size: 25px;border-radius: 200px; \"><a   itemprop=\"url\" href=\"https:\/\/ebocdesign.fr\/wp-content\/uploads\/2023\/04\/CV-EMMANUELLE-BERRIER-2023.pdf\" target=\"_blank\"><i class=\"qode_icon_font_awesome fa fa-file-pdf-o qode_icon_element\" style=\"font-size: 16px;color: #000000;\" ><\/i><\/a><\/span>[vc_empty_space height=&#8221;5px&#8221;][vc_column_text]<\/p>\n<h5>Voir CV<\/h5>\n<p>[\/vc_column_text][\/vc_column][vc_column width=&#8221;1\/2&#8243;][vc_single_image image=&#8221;683&#8243; img_size=&#8221;full&#8221; alignment=&#8221;center&#8221; qode_css_animation=&#8221;&#8221;][vc_empty_space height=&#8221;17px&#8221;][vc_column_text]<\/p>\n<h3>Olivier Charlet<\/h3>\n<p>[\/vc_column_text][vc_empty_space height=&#8221;33px&#8221;][vc_column_text css=&#8221;.vc_custom_1673436164500{padding-right: 50px !important;padding-left: 50px !important;}&#8221;]Passionn\u00e9 de dessin depuis toujours, c\u2019est dans l\u2019exercice en free-lance du graphisme et de l\u2019illustration que je me suis \u00e9panoui aussi bien professionnellement que personnellement.<br \/>\nFlexible et cr\u00e9atif, avec une grande exp\u00e9rience dans le domaine du luxe et de la mode, je suis toujours pr\u00eat pour une nouvelle aventure\u2009![\/vc_column_text][vc_empty_space height=&#8221;43px&#8221;]<span data-type=\"square\" data-hover-bg-color=\"#e05038\" data-hover-icon-color=\"#ffffff\" class=\"qode_icon_shortcode fa-stack q_font_awsome_icon_square fa-lg  \" style=\"background-color: rgba(255,255,255,0.01);border: 1px solid #d3d3d3;margin: 0;font-size: 16px;font-size: 25px;border-radius: 200px; \"><a   itemprop=\"url\" href=\"https:\/\/www.linkedin.com\/in\/olivier-charlet-5a5a514\/\" target=\"_blank\"><i class=\"qode_icon_font_awesome fa fa-linkedin qode_icon_element\" style=\"font-size: 16px;color: #000000;\" ><\/i><\/a><\/span>[vc_empty_space height=&#8221;17px&#8221;]<span data-type=\"square\" data-hover-bg-color=\"#e05038\" data-hover-icon-color=\"#ffffff\" class=\"qode_icon_shortcode fa-stack q_font_awsome_icon_square fa-lg  \" style=\"background-color: rgba(255,255,255,0.01);border: 1px solid #d3d3d3;margin: 0;font-size: 16px;font-size: 25px;border-radius: 200px; \"><a   itemprop=\"url\" href=\"https:\/\/ebocdesign.fr\/wp-content\/uploads\/2023\/04\/CV-Olivier-Charlet.pdf\" target=\"_blank\"><i class=\"qode_icon_font_awesome fa fa-file-pdf-o qode_icon_element\" style=\"font-size: 16px;color: #000000;\" ><\/i><\/a><\/span>[vc_empty_space height=&#8221;5px&#8221;][vc_column_text]<\/p>\n<h5>Voir CV<\/h5>\n<p>[\/vc_column_text][\/vc_column][\/vc_row]<\/p>\n<\/section>","protected":false},"excerpt":{"rendered":"<p>[vc_row css_animation=&#8221;&#8221; row_type=&#8221;row&#8221; use_row_as_full_screen_section=&#8221;no&#8221; type=&#8221;grid&#8221; angled_section=&#8221;no&#8221; text_align=&#8221;center&#8221; background_image_as_pattern=&#8221;without_pattern&#8221; z_index=&#8221;&#8221;][vc_column][vc_single_image image=&#8221;317&#8243; img_size=&#8221;300&#215;300&#8243; alignment=&#8221;center&#8221; qode_css_animation=&#8221;&#8221;][vc_column_text css=&#8221;.vc_custom_1673435953932{margin-top: -50px !important;}&#8221;] Contactez nous ! [\/vc_column_text][vc_empty_space height=&#8221;17px&#8221;][vc_column_text css=&#8221;.vc_custom_1673712685571{padding-top: 20px !important;padding-bottom: 20px !important;}&#8221;] eboc@free.fr [\/vc_column_text][\/vc_column][\/vc_row][vc_row css_animation=&#8221;&#8221; row_type=&#8221;row&#8221; use_row_as_full_screen_section=&#8221;no&#8221; type=&#8221;grid&#8221; angled_section=&#8221;no&#8221; text_align=&#8221;center&#8221; background_image_as_pattern=&#8221;without_pattern&#8221; css=&#8221;.vc_custom_1464940759589{padding-bottom: 72px !important;}&#8221;][vc_column width=&#8221;1\/2&#8243;][vc_single_image image=&#8221;682&#8243; img_size=&#8221;full&#8221; alignment=&#8221;center&#8221; qode_css_animation=&#8221;&#8221;][vc_empty_space height=&#8221;17px&#8221;][vc_column_text] Emmanuelle&#8230;<\/p>\n","protected":false},"author":2,"featured_media":0,"parent":0,"menu_order":0,"comment_status":"closed","ping_status":"closed","template":"full_width.php","meta":{"footnotes":""},"yoast_head":"<!-- This site is optimized with the Yoast SEO plugin v21.5 - https:\/\/yoast.com\/wordpress\/plugins\/seo\/ -->\n<title>Contact - ebocdesign<\/title>\n<meta name=\"robots\" content=\"index, follow, max-snippet:-1, max-image-preview:large, max-video-preview:-1\" \/>\n<link rel=\"canonical\" href=\"https:\/\/ebocdesign.fr\/?page_id=193\" \/>\n<meta property=\"og:locale\" content=\"en_US\" \/>\n<meta property=\"og:type\" content=\"article\" \/>\n<meta property=\"og:title\" content=\"Contact - ebocdesign\" \/>\n<meta property=\"og:description\" content=\"[vc_row css_animation=&#8221;&#8221; row_type=&#8221;row&#8221; use_row_as_full_screen_section=&#8221;no&#8221; type=&#8221;grid&#8221; angled_section=&#8221;no&#8221; text_align=&#8221;center&#8221; background_image_as_pattern=&#8221;without_pattern&#8221; z_index=&#8221;&#8221;][vc_column][vc_single_image image=&#8221;317&#8243; img_size=&#8221;300&#215;300&#8243; alignment=&#8221;center&#8221; qode_css_animation=&#8221;&#8221;][vc_column_text css=&#8221;.vc_custom_1673435953932{margin-top: -50px !important;}&#8221;] Contactez nous ! [\/vc_column_text][vc_empty_space height=&#8221;17px&#8221;][vc_column_text css=&#8221;.vc_custom_1673712685571{padding-top: 20px !important;padding-bottom: 20px !important;}&#8221;] eboc@free.fr [\/vc_column_text][\/vc_column][\/vc_row][vc_row css_animation=&#8221;&#8221; row_type=&#8221;row&#8221; use_row_as_full_screen_section=&#8221;no&#8221; type=&#8221;grid&#8221; angled_section=&#8221;no&#8221; text_align=&#8221;center&#8221; background_image_as_pattern=&#8221;without_pattern&#8221; css=&#8221;.vc_custom_1464940759589{padding-bottom: 72px !important;}&#8221;][vc_column width=&#8221;1\/2&#8243;][vc_single_image image=&#8221;682&#8243; img_size=&#8221;full&#8221; alignment=&#8221;center&#8221; qode_css_animation=&#8221;&#8221;][vc_empty_space height=&#8221;17px&#8221;][vc_column_text] Emmanuelle...\" \/>\n<meta property=\"og:url\" content=\"https:\/\/ebocdesign.fr\/?page_id=193\" \/>\n<meta property=\"og:site_name\" content=\"ebocdesign\" \/>\n<meta property=\"article:modified_time\" content=\"2023-04-19T14:35:03+00:00\" \/>\n<meta name=\"twitter:card\" content=\"summary_large_image\" \/>\n<meta name=\"twitter:label1\" content=\"Est. reading time\" \/>\n\t<meta name=\"twitter:data1\" content=\"2 minutes\" \/>\n<script type=\"application\/ld+json\" class=\"yoast-schema-graph\">{\"@context\":\"https:\/\/schema.org\",\"@graph\":[{\"@type\":\"WebPage\",\"@id\":\"https:\/\/ebocdesign.fr\/?page_id=193\",\"url\":\"https:\/\/ebocdesign.fr\/?page_id=193\",\"name\":\"Contact - ebocdesign\",\"isPartOf\":{\"@id\":\"https:\/\/ebocdesign.fr\/#website\"},\"datePublished\":\"2016-06-03T07:53:50+00:00\",\"dateModified\":\"2023-04-19T14:35:03+00:00\",\"breadcrumb\":{\"@id\":\"https:\/\/ebocdesign.fr\/?page_id=193#breadcrumb\"},\"inLanguage\":\"en-US\",\"potentialAction\":[{\"@type\":\"ReadAction\",\"target\":[\"https:\/\/ebocdesign.fr\/?page_id=193\"]}]},{\"@type\":\"BreadcrumbList\",\"@id\":\"https:\/\/ebocdesign.fr\/?page_id=193#breadcrumb\",\"itemListElement\":[{\"@type\":\"ListItem\",\"position\":1,\"name\":\"Accueil\",\"item\":\"https:\/\/ebocdesign.fr\/\"},{\"@type\":\"ListItem\",\"position\":2,\"name\":\"Contact\"}]},{\"@type\":\"WebSite\",\"@id\":\"https:\/\/ebocdesign.fr\/#website\",\"url\":\"https:\/\/ebocdesign.fr\/\",\"name\":\"ebocdesign\",\"description\":\"design graphique\",\"potentialAction\":[{\"@type\":\"SearchAction\",\"target\":{\"@type\":\"EntryPoint\",\"urlTemplate\":\"https:\/\/ebocdesign.fr\/?s={search_term_string}\"},\"query-input\":\"required name=search_term_string\"}],\"inLanguage\":\"en-US\"}]}<\/script>\n<!-- \/ Yoast SEO plugin. -->","yoast_head_json":{"title":"Contact - ebocdesign","robots":{"index":"index","follow":"follow","max-snippet":"max-snippet:-1","max-image-preview":"max-image-preview:large","max-video-preview":"max-video-preview:-1"},"canonical":"https:\/\/ebocdesign.fr\/?page_id=193","og_locale":"en_US","og_type":"article","og_title":"Contact - ebocdesign","og_description":"[vc_row css_animation=&#8221;&#8221; row_type=&#8221;row&#8221; use_row_as_full_screen_section=&#8221;no&#8221; type=&#8221;grid&#8221; angled_section=&#8221;no&#8221; text_align=&#8221;center&#8221; background_image_as_pattern=&#8221;without_pattern&#8221; z_index=&#8221;&#8221;][vc_column][vc_single_image image=&#8221;317&#8243; img_size=&#8221;300&#215;300&#8243; alignment=&#8221;center&#8221; qode_css_animation=&#8221;&#8221;][vc_column_text css=&#8221;.vc_custom_1673435953932{margin-top: -50px !important;}&#8221;] Contactez nous ! [\/vc_column_text][vc_empty_space height=&#8221;17px&#8221;][vc_column_text css=&#8221;.vc_custom_1673712685571{padding-top: 20px !important;padding-bottom: 20px !important;}&#8221;] eboc@free.fr [\/vc_column_text][\/vc_column][\/vc_row][vc_row css_animation=&#8221;&#8221; row_type=&#8221;row&#8221; use_row_as_full_screen_section=&#8221;no&#8221; type=&#8221;grid&#8221; angled_section=&#8221;no&#8221; text_align=&#8221;center&#8221; background_image_as_pattern=&#8221;without_pattern&#8221; css=&#8221;.vc_custom_1464940759589{padding-bottom: 72px !important;}&#8221;][vc_column width=&#8221;1\/2&#8243;][vc_single_image image=&#8221;682&#8243; img_size=&#8221;full&#8221; alignment=&#8221;center&#8221; qode_css_animation=&#8221;&#8221;][vc_empty_space height=&#8221;17px&#8221;][vc_column_text] Emmanuelle...","og_url":"https:\/\/ebocdesign.fr\/?page_id=193","og_site_name":"ebocdesign","article_modified_time":"2023-04-19T14:35:03+00:00","twitter_card":"summary_large_image","twitter_misc":{"Est. reading time":"2 minutes"},"schema":{"@context":"https:\/\/schema.org","@graph":[{"@type":"WebPage","@id":"https:\/\/ebocdesign.fr\/?page_id=193","url":"https:\/\/ebocdesign.fr\/?page_id=193","name":"Contact - ebocdesign","isPartOf":{"@id":"https:\/\/ebocdesign.fr\/#website"},"datePublished":"2016-06-03T07:53:50+00:00","dateModified":"2023-04-19T14:35:03+00:00","breadcrumb":{"@id":"https:\/\/ebocdesign.fr\/?page_id=193#breadcrumb"},"inLanguage":"en-US","potentialAction":[{"@type":"ReadAction","target":["https:\/\/ebocdesign.fr\/?page_id=193"]}]},{"@type":"BreadcrumbList","@id":"https:\/\/ebocdesign.fr\/?page_id=193#breadcrumb","itemListElement":[{"@type":"ListItem","position":1,"name":"Accueil","item":"https:\/\/ebocdesign.fr\/"},{"@type":"ListItem","position":2,"name":"Contact"}]},{"@type":"WebSite","@id":"https:\/\/ebocdesign.fr\/#website","url":"https:\/\/ebocdesign.fr\/","name":"ebocdesign","description":"design graphique","potentialAction":[{"@type":"SearchAction","target":{"@type":"EntryPoint","urlTemplate":"https:\/\/ebocdesign.fr\/?s={search_term_string}"},"query-input":"required name=search_term_string"}],"inLanguage":"en-US"}]}},"_links":{"self":[{"href":"https:\/\/ebocdesign.fr\/index.php?rest_route=\/wp\/v2\/pages\/193"}],"collection":[{"href":"https:\/\/ebocdesign.fr\/index.php?rest_route=\/wp\/v2\/pages"}],"about":[{"href":"https:\/\/ebocdesign.fr\/index.php?rest_route=\/wp\/v2\/types\/page"}],"author":[{"embeddable":true,"href":"https:\/\/ebocdesign.fr\/index.php?rest_route=\/wp\/v2\/users\/2"}],"replies":[{"embeddable":true,"href":"https:\/\/ebocdesign.fr\/index.php?rest_route=%2Fwp%2Fv2%2Fcomments&post=193"}],"version-history":[{"count":35,"href":"https:\/\/ebocdesign.fr\/index.php?rest_route=\/wp\/v2\/pages\/193\/revisions"}],"predecessor-version":[{"id":676,"href":"https:\/\/ebocdesign.fr\/index.php?rest_route=\/wp\/v2\/pages\/193\/revisions\/676"}],"wp:attachment":[{"href":"https:\/\/ebocdesign.fr\/index.php?rest_route=%2Fwp%2Fv2%2Fmedia&parent=193"}],"curies":[{"name":"wp","href":"https:\/\/api.w.org\/{rel}","templated":true}]}}